{"id":33,"date":"2024-06-04T12:33:02","date_gmt":"2024-06-04T12:33:02","guid":{"rendered":"https:\/\/www.solofs.com\/?page_id=33"},"modified":"2025-10-27T11:06:13","modified_gmt":"2025-10-27T11:06:13","slug":"services","status":"publish","type":"page","link":"https:\/\/www.solofs.com\/fr\/services\/","title":{"rendered":"Services"},"content":{"rendered":"<div class=\"wp-block-uagb-container uagb-block-f3071285 alignfull uagb-is-root-container\"><div class=\"uagb-container-inner-blocks-wrap\">\n<div class=\"wp-block-uagb-info-box uagb-block-4b802a1c uagb-infobox__content-wrap  uagb-infobox-icon-above-title uagb-infobox-image-valign-top\"><div class=\"uagb-ifb-content\"><div class=\"uagb-ifb-separator\"><\/div><div class=\"uagb-ifb-title-wrap\"><h1 class=\"uagb-ifb-title\">Services<\/h1><\/div><\/div><\/div>\n<\/div><\/div>\n\n\n\n<div class=\"wp-block-uagb-container uagb-block-7479c618 alignfull uagb-is-root-container\"><div class=\"uagb-container-inner-blocks-wrap\">\n<div class=\"wp-block-uagb-advanced-heading uagb-block-6f8255de\"><h2 class=\"uagb-heading-text\">Comment pouvons-nous vous aider?<\/h2><\/div>\n<\/div><\/div>\n\n\n\n<div class=\"wp-block-uagb-container uagb-block-43eb9d9b alignfull uagb-is-root-container\"><div class=\"uagb-container-inner-blocks-wrap\">\n<div class=\"wp-block-uagb-container uagb-block-5912b95d\">\n<div class=\"wp-block-uagb-advanced-heading uagb-block-e5bf5d17 justify-text\"><h4 class=\"uagb-heading-text\">Administration des affaires<\/h4><\/div>\n\n\n\n<p class=\"has-text-align-justify\">Les entrepreneurs rapportent souvent que l\u2019obtention de financement est l\u2019aspect le plus difficile du d\u00e9marrage d\u2019un projet ou d\u2019une entreprise. Nous disposons d\u2019outils pour vous aider \u00e0 trouver des sources de financement gouvernementales et priv\u00e9es sur lesquelles vous pouvez puiser pour faire d\u00e9coller votre entreprise ou votre projet.<\/p>\n\n\n\n<div class=\"wp-block-uagb-buttons uagb-buttons__outer-wrap uagb-btn__default-btn uagb-btn-tablet__default-btn uagb-btn-mobile__default-btn uagb-block-38452d60\"><div class=\"uagb-buttons__wrap uagb-buttons-layout-wrap\">\n<div class=\"wp-block-uagb-buttons-child uagb-buttons__outer-wrap uagb-block-1bbaa816 wp-block-button\"><div class=\"uagb-button__wrapper\"><a class=\"uagb-buttons-repeater wp-block-button__link\" aria-label=\"\" href=\"\/fr\/contact\/\" rel=\"follow noopener\" target=\"_self\" role=\"button\"><div class=\"uagb-button__link\">Contactez-nous<\/div><\/a><\/div><\/div>\n<\/div><\/div>\n<\/div>\n\n\n\n<div class=\"wp-block-uagb-container uagb-block-922a985c\">\n<div class=\"wp-block-uagb-advanced-heading uagb-block-dcf6f30b justify-text\"><h4 class=\"uagb-heading-text\">Personal administration<\/h4><\/div>\n\n\n\n<p class=\"has-text-align-justify\">Nous travaillerons avec vous pour comprendre vos objectifs et ce que vous souhaitez r\u00e9aliser, et vous aiderons \u00e0 vous pr\u00e9parer aux risques en cours de route et \u00e0 tirer parti des opportunit\u00e9s qui se pr\u00e9sentent au fil du temps.<\/p>\n\n\n\n<div class=\"wp-block-uagb-buttons uagb-buttons__outer-wrap uagb-btn__default-btn uagb-btn-tablet__default-btn uagb-btn-mobile__default-btn uagb-block-9e2e190f\"><div class=\"uagb-buttons__wrap uagb-buttons-layout-wrap\">\n<div class=\"wp-block-uagb-buttons-child uagb-buttons__outer-wrap uagb-block-5296ccd0 wp-block-button\"><div class=\"uagb-button__wrapper\"><a class=\"uagb-buttons-repeater wp-block-button__link\" aria-label=\"\" href=\"\/fr\/contact\/\" rel=\"follow noopener\" target=\"_self\" role=\"button\"><div class=\"uagb-button__link\">Contactez-nous<\/div><\/a><\/div><\/div>\n<\/div><\/div>\n<\/div>\n<\/div><\/div>\n\n\n\n<div class=\"wp-block-uagb-container uagb-block-b4735b3e alignfull uagb-is-root-container\"><div class=\"uagb-container-inner-blocks-wrap\"><\/div><\/div>\n\n\n\n<div class=\"wp-block-uagb-container uagb-block-65b64ab7 alignfull uagb-is-root-container\"><div class=\"uagb-container-inner-blocks-wrap\">\n<div class=\"wp-block-uagb-container uagb-block-4032a0ec\">\n<div class=\"wp-block-uagb-container uagb-block-3f32a778\">\n<div class=\"wp-block-uagb-info-box uagb-block-7d354acb uagb-infobox__content-wrap  uagb-infobox-icon-above-title uagb-infobox-image-valign-top\"><div class=\"uagb-ifb-content\"><div class=\"uagb-ifb-title-wrap\"><h3 class=\"uagb-ifb-title\">Avez-vous une id\u00e9e de projet?<\/h3><\/div><p class=\"uagb-ifb-desc\">Nous pouvons vous aider \u00e0 donner vie \u00e0 vos id\u00e9es. Parlons de ce que nous pouvons construire et \u00e9lever ensemble.<\/p><\/div><\/div>\n\n\n\n<div class=\"wp-block-uagb-buttons uagb-buttons__outer-wrap uagb-btn__default-btn uagb-btn-tablet__default-btn uagb-btn-mobile__default-btn uagb-block-bba5f60c\"><div class=\"uagb-buttons__wrap uagb-buttons-layout-wrap\">\n<div class=\"wp-block-uagb-buttons-child uagb-buttons__outer-wrap uagb-block-0480c862 wp-block-button\"><div class=\"uagb-button__wrapper\"><a class=\"uagb-buttons-repeater wp-block-button__link\" aria-label=\"\" href=\"\/fr\/contact\/\" rel=\"follow noopener\" target=\"_self\" role=\"button\"><div class=\"uagb-button__link\">Contactez-nous<\/div><\/a><\/div><\/div>\n<\/div><\/div>\n<\/div>\n\n\n\n<div class=\"wp-block-uagb-container uagb-block-00386a81\">\n<div class=\"wp-block-uagb-image aligncenter uagb-block-1166c93e wp-block-uagb-image--layout-default wp-block-uagb-image--effect-static wp-block-uagb-image--align-center alignright\"><figure class=\"wp-block-uagb-image__figure\"><img decoding=\"async\" srcset=\"https:\/\/solofs.dreamhosters.com\/wp-content\/uploads\/2024\/05\/Axis1305_Blue_modern_luxury_finance_room_background_HD_4k_-ar__14f3deeb-53e8-48c6-987c-51eedc891cc1-1024x512.jpg ,https:\/\/solofs.dreamhosters.com\/wp-content\/uploads\/2024\/05\/Axis1305_Blue_modern_luxury_finance_room_background_HD_4k_-ar__14f3deeb-53e8-48c6-987c-51eedc891cc1.jpg 780w, https:\/\/solofs.dreamhosters.com\/wp-content\/uploads\/2024\/05\/Axis1305_Blue_modern_luxury_finance_room_background_HD_4k_-ar__14f3deeb-53e8-48c6-987c-51eedc891cc1.jpg 360w\" sizes=\"auto, (max-width: 480px) 150px\" src=\"https:\/\/solofs.dreamhosters.com\/wp-content\/uploads\/2024\/05\/Axis1305_Blue_modern_luxury_finance_room_background_HD_4k_-ar__14f3deeb-53e8-48c6-987c-51eedc891cc1-1024x512.jpg\" alt=\"\" class=\"uag-image-830\" width=\"723\" height=\"362\" title=\"Axis1305_Blue_modern_luxury_finance_room_background_HD_4k_--ar__14f3deeb-53e8-48c6-987c-51eedc891cc1\" loading=\"lazy\" role=\"img\"\/><\/figure><\/div>\n<\/div>\n<\/div>\n\n\n\n<div class=\"wp-block-uagb-container uagb-block-5e372a18\">\n<div class=\"wp-block-uagb-container uagb-block-5c7fcc17\">\n<div class=\"wp-block-uagb-advanced-heading uagb-block-9d11401a\"><h2 class=\"uagb-heading-text\">B\u00e2tissons ensemble un meilleur avenir <\/h2><\/div>\n<\/div>\n\n\n\n<div class=\"wp-block-uagb-container uagb-block-5c0474ad\">\n<div class=\"wp-block-uagb-advanced-heading uagb-block-b32ce288\"><p class=\"uagb-desc-text\">When connected with us, you aren\u2019t growing your business alone. We have your back and put in our best to contribute to the growth of your entire team and organization. You will have everything in hand to reach your goals with us.<\/p><\/div>\n<\/div>\n<\/div>\n<\/div><\/div>","protected":false},"excerpt":{"rendered":"<p>How can we help you? Business administration Entrepreneurs often report that getting financing is the most challenging aspect of starting [&hellip;]<\/p>","protected":false},"author":1,"featured_media":0,"parent":0,"menu_order":0,"comment_status":"closed","ping_status":"closed","template":"","meta":{"_editorskit_title_hidden":false,"_editorskit_reading_time":0,"_editorskit_is_block_options_detached":false,"_editorskit_block_options_position":"{}","_uag_custom_page_level_css":"","site-sidebar-layout":"default","site-content-layout":"","ast-site-content-layout":"","site-content-style":"default","site-sidebar-style":"default","ast-global-header-display":"","ast-banner-title-visibility":"","ast-main-header-display":"","ast-hfb-above-header-display":"","ast-hfb-below-header-display":"","ast-hfb-mobile-header-display":"","site-post-title":"disabled","ast-breadcrumbs-content":"","ast-featured-img":"","footer-sml-layout":"","theme-transparent-header-meta":"","adv-header-id-meta":"","stick-header-meta":"","header-above-stick-meta":"","header-main-stick-meta":"","header-below-stick-meta":"","astra-migrate-meta-layouts":"default","ast-page-background-enabled":"default","ast-page-background-meta":{"desktop":{"background-color":"var(--ast-global-color-4)","background-image":"","background-repeat":"repeat","background-position":"center center","background-size":"auto","background-attachment":"scroll","background-type":"","background-media":"","overlay-type":"","overlay-color":"","overlay-opacity":"","overlay-gradient":""},"tablet":{"background-color":"","background-image":"","background-repeat":"repeat","background-position":"center center","background-size":"auto","background-attachment":"scroll","background-type":"","background-media":"","overlay-type":"","overlay-color":"","overlay-opacity":"","overlay-gradient":""},"mobile":{"background-color":"","background-image":"","background-repeat":"repeat","background-position":"center center","background-size":"auto","background-attachment":"scroll","background-type":"","background-media":"","overlay-type":"","overlay-color":"","overlay-opacity":"","overlay-gradient":""}},"ast-content-background-meta":{"desktop":{"background-color":"var(--ast-global-color-5)","background-image":"","background-repeat":"repeat","background-position":"center center","background-size":"auto","background-attachment":"scroll","background-type":"","background-media":"","overlay-type":"","overlay-color":"","overlay-opacity":"","overlay-gradient":""},"tablet":{"background-color":"var(--ast-global-color-5)","background-image":"","background-repeat":"repeat","background-position":"center center","background-size":"auto","background-attachment":"scroll","background-type":"","background-media":"","overlay-type":"","overlay-color":"","overlay-opacity":"","overlay-gradient":""},"mobile":{"background-color":"var(--ast-global-color-5)","background-image":"","background-repeat":"repeat","background-position":"center center","background-size":"auto","background-attachment":"scroll","background-type":"","background-media":"","overlay-type":"","overlay-color":"","overlay-opacity":"","overlay-gradient":""}},"footnotes":""},"class_list":["post-33","page","type-page","status-publish","hentry"],"aioseo_notices":[],"uagb_featured_image_src":{"full":false,"thumbnail":false,"medium":false,"medium_large":false,"large":false,"1536x1536":false,"2048x2048":false,"trp-custom-language-flag":false},"uagb_author_info":{"display_name":"solofs_mwoc4y","author_link":"https:\/\/www.solofs.com\/fr\/author\/solofs_mwoc4y\/"},"uagb_comment_info":0,"uagb_excerpt":"How can we help you? Business administration Entrepreneurs often report that getting financing is the most challenging aspect of starting [&hellip;]","_links":{"self":[{"href":"https:\/\/www.solofs.com\/fr\/wp-json\/wp\/v2\/pages\/33","targetHints":{"allow":["GET"]}}],"collection":[{"href":"https:\/\/www.solofs.com\/fr\/wp-json\/wp\/v2\/pages"}],"about":[{"href":"https:\/\/www.solofs.com\/fr\/wp-json\/wp\/v2\/types\/page"}],"author":[{"embeddable":true,"href":"https:\/\/www.solofs.com\/fr\/wp-json\/wp\/v2\/users\/1"}],"replies":[{"embeddable":true,"href":"https:\/\/www.solofs.com\/fr\/wp-json\/wp\/v2\/comments?post=33"}],"version-history":[{"count":3,"href":"https:\/\/www.solofs.com\/fr\/wp-json\/wp\/v2\/pages\/33\/revisions"}],"predecessor-version":[{"id":99,"href":"https:\/\/www.solofs.com\/fr\/wp-json\/wp\/v2\/pages\/33\/revisions\/99"}],"wp:attachment":[{"href":"https:\/\/www.solofs.com\/fr\/wp-json\/wp\/v2\/media?parent=33"}],"curies":[{"name":"wp","href":"https:\/\/api.w.org\/{rel}","templated":true}]}}